{"id":10162,"date":"2025-11-30T22:28:46","date_gmt":"2025-11-30T19:28:46","guid":{"rendered":"https:\/\/dev.voka.io\/?page_id=10162"},"modified":"2025-12-17T16:08:24","modified_gmt":"2025-12-17T13:08:24","slug":"3d-medical-animation-cost-calculator","status":"publish","type":"page","link":"https:\/\/dev.voka.io\/fr\/3d-medical-animation-cost-calculator\/","title":{"rendered":"Calculateur de co\u00fbt d'animation m\u00e9dicale 3D"},"content":{"rendered":"","protected":false},"excerpt":{"rendered":"","protected":false},"author":4,"featured_media":0,"parent":0,"menu_order":0,"comment_status":"closed","ping_status":"closed","template":"templates\/calculator\/calculator.php","meta":{"_acf_changed":false,"footnotes":""},"class_list":["post-10162","page","type-page","status-publish","hentry"],"acf":[],"yoast_head":"<!-- This site is optimized with the Yoast SEO Premium plugin v23.6 (Yoast SEO v26.4) - https:\/\/yoast.com\/wordpress\/plugins\/seo\/ -->\n<title>3D Medical Animation Cost Calculator | VOKA<\/title>\n<meta name=\"description\" content=\"Get a ballpark estimate for your 3D medical animation, based on your project details. Production times and final costs are considered individually.\" \/>\n<meta name=\"robots\" content=\"noindex, follow, max-snippet:-1, max-image-preview:large, max-video-preview:-1\" \/>\n<meta property=\"og:locale\" content=\"fr_FR\" \/>\n<meta property=\"og:type\" content=\"article\" \/>\n<meta property=\"og:title\" content=\"3D medical animation cost calculator | Voka\" \/>\n<meta property=\"og:url\" content=\"https:\/\/dev.voka.io\/fr\/3d-medical-animation-cost-calculator\/\" \/>\n<meta property=\"og:site_name\" content=\"Voka\" \/>\n<meta property=\"article:publisher\" content=\"https:\/\/www.facebook.com\/VOKA3DAnatomyAndPathology\/\" \/>\n<meta property=\"article:modified_time\" content=\"2025-12-17T13:08:24+00:00\" \/>\n<meta name=\"twitter:card\" content=\"summary_large_image\" \/>\n<script type=\"application\/ld+json\" class=\"yoast-schema-graph\">{\"@context\":\"https:\/\/schema.org\",\"@graph\":[{\"@type\":\"Article\",\"@id\":\"https:\/\/dev.voka.io\/fr\/3d-medical-animation-cost-calculator\/#article\",\"isPartOf\":{\"@id\":\"https:\/\/dev.voka.io\/fr\/3d-medical-animation-cost-calculator\/\"},\"author\":{\"name\":\"Viktoryia\",\"@id\":\"https:\/\/dev.voka.io\/fr\/#\/schema\/person\/0ab698e5f36e21c6850dff4436a9ba85\"},\"headline\":\"3D medical animation cost calculator\",\"datePublished\":\"2025-11-30T19:28:46+00:00\",\"dateModified\":\"2025-12-17T13:08:24+00:00\",\"mainEntityOfPage\":{\"@id\":\"https:\/\/dev.voka.io\/fr\/3d-medical-animation-cost-calculator\/\"},\"wordCount\":5,\"publisher\":{\"@id\":\"https:\/\/dev.voka.io\/fr\/#organization\"},\"inLanguage\":\"fr-FR\"},{\"@type\":\"WebPage\",\"@id\":\"https:\/\/dev.voka.io\/fr\/3d-medical-animation-cost-calculator\/\",\"url\":\"https:\/\/dev.voka.io\/fr\/3d-medical-animation-cost-calculator\/\",\"name\":\"3D Medical Animation Cost Calculator | VOKA\",\"isPartOf\":{\"@id\":\"https:\/\/dev.voka.io\/fr\/#website\"},\"datePublished\":\"2025-11-30T19:28:46+00:00\",\"dateModified\":\"2025-12-17T13:08:24+00:00\",\"description\":\"Get a ballpark estimate for your 3D medical animation, based on your project details. Production times and final costs are considered individually.\",\"breadcrumb\":{\"@id\":\"https:\/\/dev.voka.io\/fr\/3d-medical-animation-cost-calculator\/#breadcrumb\"},\"inLanguage\":\"fr-FR\",\"potentialAction\":[{\"@type\":\"ReadAction\",\"target\":[\"https:\/\/dev.voka.io\/fr\/3d-medical-animation-cost-calculator\/\"]}]},{\"@type\":\"BreadcrumbList\",\"@id\":\"https:\/\/dev.voka.io\/fr\/3d-medical-animation-cost-calculator\/#breadcrumb\",\"itemListElement\":[{\"@type\":\"ListItem\",\"position\":1,\"name\":\"Home\",\"item\":\"https:\/\/dev.voka.io\/fr\/\"},{\"@type\":\"ListItem\",\"position\":2,\"name\":\"3D medical animation cost calculator\"}]},{\"@type\":\"WebSite\",\"@id\":\"https:\/\/dev.voka.io\/fr\/#website\",\"url\":\"https:\/\/dev.voka.io\/fr\/\",\"name\":\"Voka\",\"description\":\"\",\"publisher\":{\"@id\":\"https:\/\/dev.voka.io\/fr\/#organization\"},\"alternateName\":\"Voka 3D Medical Visualization\",\"potentialAction\":[{\"@type\":\"SearchAction\",\"target\":{\"@type\":\"EntryPoint\",\"urlTemplate\":\"https:\/\/dev.voka.io\/fr\/?s={search_term_string}\"},\"query-input\":{\"@type\":\"PropertyValueSpecification\",\"valueRequired\":true,\"valueName\":\"search_term_string\"}}],\"inLanguage\":\"fr-FR\"},{\"@type\":[\"Organization\",\"Place\"],\"@id\":\"https:\/\/dev.voka.io\/fr\/#organization\",\"name\":\"Voka\",\"alternateName\":\"Voka 3D Medical Visualization\",\"url\":\"https:\/\/dev.voka.io\/fr\/\",\"logo\":{\"@id\":\"https:\/\/dev.voka.io\/fr\/3d-medical-animation-cost-calculator\/#local-main-organization-logo\"},\"image\":{\"@id\":\"https:\/\/dev.voka.io\/fr\/3d-medical-animation-cost-calculator\/#local-main-organization-logo\"},\"sameAs\":[\"https:\/\/www.facebook.com\/VOKA3DAnatomyAndPathology\/\",\"https:\/\/www.instagram.com\/voka.io\/\",\"https:\/\/www.linkedin.com\/company\/voka-io\/\",\"https:\/\/www.youtube.com\/@vokaio\/\",\"https:\/\/www.pinterest.com\/voka3danatomyandpathology\/\",\"https:\/\/www.tiktok.com\/@voka.io\",\"https:\/\/www.threads.com\/@voka.io\"],\"description\":\"VOKA.io offers 3D medical animations and custom 3D modeling services. Our product, VOKA 3D Anatomy & Pathology, is a digital atlas with over 1,000 detailed 3D models of human anatomy and pathology, designed for medical education, training, and patient communication.\",\"legalName\":\"Voka\",\"foundingDate\":\"2017-02-12\",\"naics\":\"541512\",\"numberOfEmployees\":{\"@type\":\"QuantitativeValue\",\"minValue\":\"51\",\"maxValue\":\"200\"},\"publishingPrinciples\":\"https:\/\/dev.voka.io\/fr\/publishing-principles\/\",\"address\":{\"@id\":\"https:\/\/dev.voka.io\/fr\/3d-medical-animation-cost-calculator\/#local-main-place-address\"},\"telephone\":[\"+18143514442\"],\"openingHoursSpecification\":{\"@type\":\"OpeningHoursSpecification\",\"dayOfWeek\":[\"Monday\",\"Tuesday\",\"Wednesday\",\"Thursday\",\"Friday\",\"Saturday\",\"Sunday\"],\"opens\":\"00:00\",\"closes\":\"23:59\"},\"email\":\"info@voka.io\"},{\"@type\":\"Person\",\"@id\":\"https:\/\/dev.voka.io\/fr\/#\/schema\/person\/0ab698e5f36e21c6850dff4436a9ba85\",\"name\":\"Viktoryia\",\"image\":{\"@type\":\"ImageObject\",\"inLanguage\":\"fr-FR\",\"@id\":\"https:\/\/dev.voka.io\/fr\/#\/schema\/person\/image\/\",\"url\":\"https:\/\/secure.gravatar.com\/avatar\/b72d31cf970da58df437fa43144657faf40bb16de49297894f0ea4dbb3956642?s=96&d=mm&r=g\",\"contentUrl\":\"https:\/\/secure.gravatar.com\/avatar\/b72d31cf970da58df437fa43144657faf40bb16de49297894f0ea4dbb3956642?s=96&d=mm&r=g\",\"caption\":\"Viktoryia\"},\"description\":\"Developer\"},{\"@type\":\"PostalAddress\",\"@id\":\"https:\/\/dev.voka.io\/fr\/3d-medical-animation-cost-calculator\/#local-main-place-address\",\"streetAddress\":\"St. Petersburg FL 33702, 7901 4th St N STE 300\",\"addressLocality\":\"St. Petersburg\",\"postalCode\":\"33702\",\"addressRegion\":\"Florida\",\"addressCountry\":\"US\"},{\"@type\":\"ImageObject\",\"inLanguage\":\"fr-FR\",\"@id\":\"https:\/\/dev.voka.io\/fr\/3d-medical-animation-cost-calculator\/#local-main-organization-logo\",\"url\":\"https:\/\/dev.voka.io\/wp-content\/uploads\/2025\/10\/cropped-Logo-site.png\",\"contentUrl\":\"https:\/\/dev.voka.io\/wp-content\/uploads\/2025\/10\/cropped-Logo-site.png\",\"width\":210,\"height\":48,\"caption\":\"Voka\"}]}<\/script>\n<meta name=\"geo.placename\" content=\"St. Petersburg\" \/>\n<meta name=\"geo.region\" content=\"\u00c9tats-Unis d\u2019Am\u00e9rique\" \/>\n<!-- \/ Yoast SEO Premium plugin. -->","yoast_head_json":{"title":"Calculateur de co\u00fbt d'animation m\u00e9dicale 3D | VOKA","description":"Obtenez une estimation approximative du co\u00fbt de votre animation m\u00e9dicale en 3D, en fonction des d\u00e9tails de votre projet. Les d\u00e9lais de production et les co\u00fbts finaux sont \u00e9valu\u00e9s au cas par cas.","robots":{"index":"noindex","follow":"follow","max-snippet":"max-snippet:-1","max-image-preview":"max-image-preview:large","max-video-preview":"max-video-preview:-1"},"og_locale":"fr_FR","og_type":"article","og_title":"3D medical animation cost calculator | Voka","og_url":"https:\/\/dev.voka.io\/fr\/3d-medical-animation-cost-calculator\/","og_site_name":"Voka","article_publisher":"https:\/\/www.facebook.com\/VOKA3DAnatomyAndPathology\/","article_modified_time":"2025-12-17T13:08:24+00:00","twitter_card":"summary_large_image","schema":{"@context":"https:\/\/schema.org","@graph":[{"@type":"Article","@id":"https:\/\/dev.voka.io\/fr\/3d-medical-animation-cost-calculator\/#article","isPartOf":{"@id":"https:\/\/dev.voka.io\/fr\/3d-medical-animation-cost-calculator\/"},"author":{"name":"Viktoryia","@id":"https:\/\/dev.voka.io\/fr\/#\/schema\/person\/0ab698e5f36e21c6850dff4436a9ba85"},"headline":"3D medical animation cost calculator","datePublished":"2025-11-30T19:28:46+00:00","dateModified":"2025-12-17T13:08:24+00:00","mainEntityOfPage":{"@id":"https:\/\/dev.voka.io\/fr\/3d-medical-animation-cost-calculator\/"},"wordCount":5,"publisher":{"@id":"https:\/\/dev.voka.io\/fr\/#organization"},"inLanguage":"fr-FR"},{"@type":"WebPage","@id":"https:\/\/dev.voka.io\/fr\/3d-medical-animation-cost-calculator\/","url":"https:\/\/dev.voka.io\/fr\/3d-medical-animation-cost-calculator\/","name":"Calculateur de co\u00fbt d'animation m\u00e9dicale 3D | VOKA","isPartOf":{"@id":"https:\/\/dev.voka.io\/fr\/#website"},"datePublished":"2025-11-30T19:28:46+00:00","dateModified":"2025-12-17T13:08:24+00:00","description":"Obtenez une estimation approximative du co\u00fbt de votre animation m\u00e9dicale en 3D, en fonction des d\u00e9tails de votre projet. Les d\u00e9lais de production et les co\u00fbts finaux sont \u00e9valu\u00e9s au cas par cas.","breadcrumb":{"@id":"https:\/\/dev.voka.io\/fr\/3d-medical-animation-cost-calculator\/#breadcrumb"},"inLanguage":"fr-FR","potentialAction":[{"@type":"ReadAction","target":["https:\/\/dev.voka.io\/fr\/3d-medical-animation-cost-calculator\/"]}]},{"@type":"BreadcrumbList","@id":"https:\/\/dev.voka.io\/fr\/3d-medical-animation-cost-calculator\/#breadcrumb","itemListElement":[{"@type":"ListItem","position":1,"name":"Home","item":"https:\/\/dev.voka.io\/fr\/"},{"@type":"ListItem","position":2,"name":"3D medical animation cost calculator"}]},{"@type":"WebSite","@id":"https:\/\/dev.voka.io\/fr\/#website","url":"https:\/\/dev.voka.io\/fr\/","name":"Voka","description":"","publisher":{"@id":"https:\/\/dev.voka.io\/fr\/#organization"},"alternateName":"Voka 3D Medical Visualization","potentialAction":[{"@type":"SearchAction","target":{"@type":"EntryPoint","urlTemplate":"https:\/\/dev.voka.io\/fr\/?s={search_term_string}"},"query-input":{"@type":"PropertyValueSpecification","valueRequired":true,"valueName":"search_term_string"}}],"inLanguage":"fr-FR"},{"@type":["Organization","Place"],"@id":"https:\/\/dev.voka.io\/fr\/#organization","name":"Voka","alternateName":"Voka 3D Medical Visualization","url":"https:\/\/dev.voka.io\/fr\/","logo":{"@id":"https:\/\/dev.voka.io\/fr\/3d-medical-animation-cost-calculator\/#local-main-organization-logo"},"image":{"@id":"https:\/\/dev.voka.io\/fr\/3d-medical-animation-cost-calculator\/#local-main-organization-logo"},"sameAs":["https:\/\/www.facebook.com\/VOKA3DAnatomyAndPathology\/","https:\/\/www.instagram.com\/voka.io\/","https:\/\/www.linkedin.com\/company\/voka-io\/","https:\/\/www.youtube.com\/@vokaio\/","https:\/\/www.pinterest.com\/voka3danatomyandpathology\/","https:\/\/www.tiktok.com\/@voka.io","https:\/\/www.threads.com\/@voka.io"],"description":"VOKA.io propose des animations m\u00e9dicales 3D et des services de mod\u00e9lisation 3D personnalis\u00e9s. Notre produit, VOKA 3D Anatomy &amp; Pathology, est un atlas num\u00e9rique comprenant plus de 1 000 mod\u00e8les 3D d\u00e9taill\u00e9s d'anatomie et de pathologies humaines, con\u00e7u pour l'\u00e9ducation m\u00e9dicale, la formation et la communication avec les patients.","legalName":"Voka","foundingDate":"2017-02-12","naics":"541512","numberOfEmployees":{"@type":"QuantitativeValue","minValue":"51","maxValue":"200"},"publishingPrinciples":"https:\/\/dev.voka.io\/fr\/publishing-principles\/","address":{"@id":"https:\/\/dev.voka.io\/fr\/3d-medical-animation-cost-calculator\/#local-main-place-address"},"telephone":["+18143514442"],"openingHoursSpecification":{"@type":"OpeningHoursSpecification","dayOfWeek":["Monday","Tuesday","Wednesday","Thursday","Friday","Saturday","Sunday"],"opens":"00:00","closes":"23:59"},"email":"info@voka.io"},{"@type":"Person","@id":"https:\/\/dev.voka.io\/fr\/#\/schema\/person\/0ab698e5f36e21c6850dff4436a9ba85","name":"Viktoryia","image":{"@type":"ImageObject","inLanguage":"fr-FR","@id":"https:\/\/dev.voka.io\/fr\/#\/schema\/person\/image\/","url":"https:\/\/secure.gravatar.com\/avatar\/b72d31cf970da58df437fa43144657faf40bb16de49297894f0ea4dbb3956642?s=96&d=mm&r=g","contentUrl":"https:\/\/secure.gravatar.com\/avatar\/b72d31cf970da58df437fa43144657faf40bb16de49297894f0ea4dbb3956642?s=96&d=mm&r=g","caption":"Viktoryia"},"description":"D\u00e9veloppeur"},{"@type":"PostalAddress","@id":"https:\/\/dev.voka.io\/fr\/3d-medical-animation-cost-calculator\/#local-main-place-address","streetAddress":"St. Petersburg FL 33702, 7901 4th St N STE 300","addressLocality":"St. Petersburg","postalCode":"33702","addressRegion":"Florida","addressCountry":"US"},{"@type":"ImageObject","inLanguage":"fr-FR","@id":"https:\/\/dev.voka.io\/fr\/3d-medical-animation-cost-calculator\/#local-main-organization-logo","url":"https:\/\/dev.voka.io\/wp-content\/uploads\/2025\/10\/cropped-Logo-site.png","contentUrl":"https:\/\/dev.voka.io\/wp-content\/uploads\/2025\/10\/cropped-Logo-site.png","width":210,"height":48,"caption":"Voka"}]},"geo.placename":"St. Petersburg","geo.region":"\u00c9tats-Unis d\u2019Am\u00e9rique"},"_links":{"self":[{"href":"https:\/\/dev.voka.io\/fr\/wp-json\/wp\/v2\/pages\/10162","targetHints":{"allow":["GET"]}}],"collection":[{"href":"https:\/\/dev.voka.io\/fr\/wp-json\/wp\/v2\/pages"}],"about":[{"href":"https:\/\/dev.voka.io\/fr\/wp-json\/wp\/v2\/types\/page"}],"author":[{"embeddable":true,"href":"https:\/\/dev.voka.io\/fr\/wp-json\/wp\/v2\/users\/4"}],"replies":[{"embeddable":true,"href":"https:\/\/dev.voka.io\/fr\/wp-json\/wp\/v2\/comments?post=10162"}],"version-history":[{"count":0,"href":"https:\/\/dev.voka.io\/fr\/wp-json\/wp\/v2\/pages\/10162\/revisions"}],"wp:attachment":[{"href":"https:\/\/dev.voka.io\/fr\/wp-json\/wp\/v2\/media?parent=10162"}],"curies":[{"name":"wp","href":"https:\/\/api.w.org\/{rel}","templated":true}]}}