{"id":12321,"date":"2026-03-11T10:17:58","date_gmt":"2026-03-11T07:17:58","guid":{"rendered":"https:\/\/dev.voka.io\/?page_id=12321"},"modified":"2026-05-06T13:19:54","modified_gmt":"2026-05-06T10:19:54","slug":"educational-institutions","status":"publish","type":"page","link":"https:\/\/dev.voka.io\/fr\/3d-medical-animation-services\/educational-institutions\/","title":{"rendered":"Services d'animation 3D pour l'enseignement m\u00e9dical"},"content":{"rendered":"","protected":false},"excerpt":{"rendered":"","protected":false},"author":4,"featured_media":0,"parent":0,"menu_order":0,"comment_status":"closed","ping_status":"closed","template":"templates\/medical-industry.php","meta":{"_acf_changed":false,"footnotes":""},"class_list":["post-12321","page","type-page","status-publish","hentry"],"acf":[],"yoast_head":"<!-- This site is optimized with the Yoast SEO Premium plugin v23.6 (Yoast SEO v26.4) - https:\/\/yoast.com\/wordpress\/plugins\/seo\/ -->\n<title>3D Medical Education &amp; Training Animation Services | VOKA<\/title>\n<meta name=\"description\" content=\"Elevate your curriculum with custom medical education animation. We produce accurate 3D training videos for universities, EdTech &amp; HCP programs.\u041d\u0430 \u0431\u0443\u0434\u0443\u0449\u0435\u0435 \u0431\u0443\u0434\u0443 \u0437\u043d\u0430\u0442\u044c, \u0441\u043f\u0430\u0441\u0438\u0431\u043e!\" \/>\n<meta name=\"robots\" content=\"noindex, follow, max-snippet:-1, max-image-preview:large, max-video-preview:-1\" \/>\n<meta property=\"og:locale\" content=\"fr_FR\" \/>\n<meta property=\"og:type\" content=\"article\" \/>\n<meta property=\"og:title\" content=\"3D medical education animation services | Voka\" \/>\n<meta property=\"og:url\" content=\"https:\/\/dev.voka.io\/fr\/3d-medical-animation-services\/educational-institutions\/\" \/>\n<meta property=\"og:site_name\" content=\"Voka\" \/>\n<meta property=\"article:publisher\" content=\"https:\/\/www.facebook.com\/VOKA3DAnatomyAndPathology\/\" \/>\n<meta property=\"article:modified_time\" content=\"2026-05-06T10:19:54+00:00\" \/>\n<meta name=\"twitter:card\" content=\"summary_large_image\" \/>\n<meta name=\"twitter:label1\" content=\"Dur\u00e9e de lecture estim\u00e9e\" \/>\n\t<meta name=\"twitter:data1\" content=\"4 minutes\" \/>\n<script type=\"application\/ld+json\" class=\"yoast-schema-graph\">{\"@context\":\"https:\/\/schema.org\",\"@graph\":[{\"@type\":\"Article\",\"@id\":\"https:\/\/dev.voka.io\/fr\/3d-medical-animation-services\/educational-institutions\/#article\",\"isPartOf\":{\"@id\":\"https:\/\/dev.voka.io\/fr\/3d-medical-animation-services\/educational-institutions\/\"},\"author\":{\"name\":\"Viktoryia\",\"@id\":\"https:\/\/dev.voka.io\/fr\/#\/schema\/person\/0ab698e5f36e21c6850dff4436a9ba85\"},\"headline\":\"3D medical education animation services\",\"datePublished\":\"2026-03-11T07:17:58+00:00\",\"dateModified\":\"2026-05-06T10:19:54+00:00\",\"mainEntityOfPage\":{\"@id\":\"https:\/\/dev.voka.io\/fr\/3d-medical-animation-services\/educational-institutions\/\"},\"wordCount\":5,\"publisher\":{\"@id\":\"https:\/\/dev.voka.io\/fr\/#organization\"},\"inLanguage\":\"fr-FR\"},{\"@type\":\"WebPage\",\"@id\":\"https:\/\/dev.voka.io\/fr\/3d-medical-animation-services\/educational-institutions\/\",\"url\":\"https:\/\/dev.voka.io\/fr\/3d-medical-animation-services\/educational-institutions\/\",\"name\":\"3D Medical Education & Training Animation Services | VOKA\",\"isPartOf\":{\"@id\":\"https:\/\/dev.voka.io\/fr\/#website\"},\"datePublished\":\"2026-03-11T07:17:58+00:00\",\"dateModified\":\"2026-05-06T10:19:54+00:00\",\"description\":\"Elevate your curriculum with custom medical education animation. We produce accurate 3D training videos for universities, EdTech & HCP programs.\u041d\u0430 \u0431\u0443\u0434\u0443\u0449\u0435\u0435 \u0431\u0443\u0434\u0443 \u0437\u043d\u0430\u0442\u044c, \u0441\u043f\u0430\u0441\u0438\u0431\u043e!\",\"breadcrumb\":{\"@id\":\"https:\/\/dev.voka.io\/fr\/3d-medical-animation-services\/educational-institutions\/#breadcrumb\"},\"inLanguage\":\"fr-FR\",\"potentialAction\":[{\"@type\":\"ReadAction\",\"target\":[\"https:\/\/dev.voka.io\/fr\/3d-medical-animation-services\/educational-institutions\/\"]}]},{\"@type\":\"BreadcrumbList\",\"@id\":\"https:\/\/dev.voka.io\/fr\/3d-medical-animation-services\/educational-institutions\/#breadcrumb\",\"itemListElement\":[{\"@type\":\"ListItem\",\"position\":1,\"name\":\"Home\",\"item\":\"https:\/\/dev.voka.io\/fr\/\"},{\"@type\":\"ListItem\",\"position\":2,\"name\":\"3D medical education animation services\"}]},{\"@type\":\"WebSite\",\"@id\":\"https:\/\/dev.voka.io\/fr\/#website\",\"url\":\"https:\/\/dev.voka.io\/fr\/\",\"name\":\"Voka\",\"description\":\"\",\"publisher\":{\"@id\":\"https:\/\/dev.voka.io\/fr\/#organization\"},\"alternateName\":\"Voka 3D Medical Visualization\",\"potentialAction\":[{\"@type\":\"SearchAction\",\"target\":{\"@type\":\"EntryPoint\",\"urlTemplate\":\"https:\/\/dev.voka.io\/fr\/?s={search_term_string}\"},\"query-input\":{\"@type\":\"PropertyValueSpecification\",\"valueRequired\":true,\"valueName\":\"search_term_string\"}}],\"inLanguage\":\"fr-FR\"},{\"@type\":[\"Organization\",\"Place\"],\"@id\":\"https:\/\/dev.voka.io\/fr\/#organization\",\"name\":\"Voka\",\"alternateName\":\"Voka 3D Medical Visualization\",\"url\":\"https:\/\/dev.voka.io\/fr\/\",\"logo\":{\"@id\":\"https:\/\/dev.voka.io\/fr\/3d-medical-animation-services\/educational-institutions\/#local-main-organization-logo\"},\"image\":{\"@id\":\"https:\/\/dev.voka.io\/fr\/3d-medical-animation-services\/educational-institutions\/#local-main-organization-logo\"},\"sameAs\":[\"https:\/\/www.facebook.com\/VOKA3DAnatomyAndPathology\/\",\"https:\/\/www.instagram.com\/voka.io\/\",\"https:\/\/www.linkedin.com\/company\/voka-io\/\",\"https:\/\/www.youtube.com\/@vokaio\/\",\"https:\/\/www.pinterest.com\/voka3danatomyandpathology\/\",\"https:\/\/www.tiktok.com\/@voka.io\",\"https:\/\/www.threads.com\/@voka.io\"],\"description\":\"VOKA.io offers 3D medical animations and custom 3D modeling services. Our product, VOKA 3D Anatomy & Pathology, is a digital atlas with over 1,000 detailed 3D models of human anatomy and pathology, designed for medical education, training, and patient communication.\",\"legalName\":\"Voka\",\"foundingDate\":\"2017-02-12\",\"naics\":\"541512\",\"numberOfEmployees\":{\"@type\":\"QuantitativeValue\",\"minValue\":\"51\",\"maxValue\":\"200\"},\"publishingPrinciples\":\"https:\/\/dev.voka.io\/fr\/publishing-principles\/\",\"address\":{\"@id\":\"https:\/\/dev.voka.io\/fr\/3d-medical-animation-services\/educational-institutions\/#local-main-place-address\"},\"telephone\":[\"+18143514442\"],\"openingHoursSpecification\":{\"@type\":\"OpeningHoursSpecification\",\"dayOfWeek\":[\"Monday\",\"Tuesday\",\"Wednesday\",\"Thursday\",\"Friday\",\"Saturday\",\"Sunday\"],\"opens\":\"00:00\",\"closes\":\"23:59\"},\"email\":\"info@voka.io\"},{\"@type\":\"Person\",\"@id\":\"https:\/\/dev.voka.io\/fr\/#\/schema\/person\/0ab698e5f36e21c6850dff4436a9ba85\",\"name\":\"Viktoryia\",\"image\":{\"@type\":\"ImageObject\",\"inLanguage\":\"fr-FR\",\"@id\":\"https:\/\/dev.voka.io\/fr\/#\/schema\/person\/image\/\",\"url\":\"https:\/\/secure.gravatar.com\/avatar\/b72d31cf970da58df437fa43144657faf40bb16de49297894f0ea4dbb3956642?s=96&d=mm&r=g\",\"contentUrl\":\"https:\/\/secure.gravatar.com\/avatar\/b72d31cf970da58df437fa43144657faf40bb16de49297894f0ea4dbb3956642?s=96&d=mm&r=g\",\"caption\":\"Viktoryia\"},\"description\":\"Developer\"},{\"@type\":\"PostalAddress\",\"@id\":\"https:\/\/dev.voka.io\/fr\/3d-medical-animation-services\/educational-institutions\/#local-main-place-address\",\"streetAddress\":\"St. Petersburg FL 33702, 7901 4th St N STE 300\",\"addressLocality\":\"St. Petersburg\",\"postalCode\":\"33702\",\"addressRegion\":\"Florida\",\"addressCountry\":\"US\"},{\"@type\":\"ImageObject\",\"inLanguage\":\"fr-FR\",\"@id\":\"https:\/\/dev.voka.io\/fr\/3d-medical-animation-services\/educational-institutions\/#local-main-organization-logo\",\"url\":\"https:\/\/dev.voka.io\/wp-content\/uploads\/2025\/10\/cropped-Logo-site.png\",\"contentUrl\":\"https:\/\/dev.voka.io\/wp-content\/uploads\/2025\/10\/cropped-Logo-site.png\",\"width\":210,\"height\":48,\"caption\":\"Voka\"}]}<\/script>\n<meta name=\"geo.placename\" content=\"St. Petersburg\" \/>\n<meta name=\"geo.region\" content=\"\u00c9tats-Unis d\u2019Am\u00e9rique\" \/>\n<!-- \/ Yoast SEO Premium plugin. -->","yoast_head_json":{"title":"Services d'animation 3D pour l'\u00e9ducation et la formation m\u00e9dicales | VOKA","description":"Am\u00e9liorez votre programme d'\u00e9tudes avec une animation d'\u00e9ducation m\u00e9dicale personnalis\u00e9e. Nous produisons des vid\u00e9os de formation 3D pr\u00e9cises pour les universit\u00e9s, EdTech et les programmes HCP.\u041d\u0430 \u0431\u0443\u0434\u0443\u0449\u0435\u0435 \u0431\u0443\u0434\u0443 \u0437\u043d\u0430\u0442\u044c, \u0441\u043f\u0430\u0441\u0438\u0431\u043e !","robots":{"index":"noindex","follow":"follow","max-snippet":"max-snippet:-1","max-image-preview":"max-image-preview:large","max-video-preview":"max-video-preview:-1"},"og_locale":"fr_FR","og_type":"article","og_title":"3D medical education animation services | Voka","og_url":"https:\/\/dev.voka.io\/fr\/3d-medical-animation-services\/educational-institutions\/","og_site_name":"Voka","article_publisher":"https:\/\/www.facebook.com\/VOKA3DAnatomyAndPathology\/","article_modified_time":"2026-05-06T10:19:54+00:00","twitter_card":"summary_large_image","twitter_misc":{"Dur\u00e9e de lecture estim\u00e9e":"4 minutes"},"schema":{"@context":"https:\/\/schema.org","@graph":[{"@type":"Article","@id":"https:\/\/dev.voka.io\/fr\/3d-medical-animation-services\/educational-institutions\/#article","isPartOf":{"@id":"https:\/\/dev.voka.io\/fr\/3d-medical-animation-services\/educational-institutions\/"},"author":{"name":"Viktoryia","@id":"https:\/\/dev.voka.io\/fr\/#\/schema\/person\/0ab698e5f36e21c6850dff4436a9ba85"},"headline":"3D medical education animation services","datePublished":"2026-03-11T07:17:58+00:00","dateModified":"2026-05-06T10:19:54+00:00","mainEntityOfPage":{"@id":"https:\/\/dev.voka.io\/fr\/3d-medical-animation-services\/educational-institutions\/"},"wordCount":5,"publisher":{"@id":"https:\/\/dev.voka.io\/fr\/#organization"},"inLanguage":"fr-FR"},{"@type":"WebPage","@id":"https:\/\/dev.voka.io\/fr\/3d-medical-animation-services\/educational-institutions\/","url":"https:\/\/dev.voka.io\/fr\/3d-medical-animation-services\/educational-institutions\/","name":"Services d'animation 3D pour l'\u00e9ducation et la formation m\u00e9dicales | VOKA","isPartOf":{"@id":"https:\/\/dev.voka.io\/fr\/#website"},"datePublished":"2026-03-11T07:17:58+00:00","dateModified":"2026-05-06T10:19:54+00:00","description":"Am\u00e9liorez votre programme d'\u00e9tudes avec une animation d'\u00e9ducation m\u00e9dicale personnalis\u00e9e. Nous produisons des vid\u00e9os de formation 3D pr\u00e9cises pour les universit\u00e9s, EdTech et les programmes HCP.\u041d\u0430 \u0431\u0443\u0434\u0443\u0449\u0435\u0435 \u0431\u0443\u0434\u0443 \u0437\u043d\u0430\u0442\u044c, \u0441\u043f\u0430\u0441\u0438\u0431\u043e !","breadcrumb":{"@id":"https:\/\/dev.voka.io\/fr\/3d-medical-animation-services\/educational-institutions\/#breadcrumb"},"inLanguage":"fr-FR","potentialAction":[{"@type":"ReadAction","target":["https:\/\/dev.voka.io\/fr\/3d-medical-animation-services\/educational-institutions\/"]}]},{"@type":"BreadcrumbList","@id":"https:\/\/dev.voka.io\/fr\/3d-medical-animation-services\/educational-institutions\/#breadcrumb","itemListElement":[{"@type":"ListItem","position":1,"name":"Home","item":"https:\/\/dev.voka.io\/fr\/"},{"@type":"ListItem","position":2,"name":"3D medical education animation services"}]},{"@type":"WebSite","@id":"https:\/\/dev.voka.io\/fr\/#website","url":"https:\/\/dev.voka.io\/fr\/","name":"Voka","description":"","publisher":{"@id":"https:\/\/dev.voka.io\/fr\/#organization"},"alternateName":"Voka 3D Medical Visualization","potentialAction":[{"@type":"SearchAction","target":{"@type":"EntryPoint","urlTemplate":"https:\/\/dev.voka.io\/fr\/?s={search_term_string}"},"query-input":{"@type":"PropertyValueSpecification","valueRequired":true,"valueName":"search_term_string"}}],"inLanguage":"fr-FR"},{"@type":["Organization","Place"],"@id":"https:\/\/dev.voka.io\/fr\/#organization","name":"Voka","alternateName":"Voka 3D Medical Visualization","url":"https:\/\/dev.voka.io\/fr\/","logo":{"@id":"https:\/\/dev.voka.io\/fr\/3d-medical-animation-services\/educational-institutions\/#local-main-organization-logo"},"image":{"@id":"https:\/\/dev.voka.io\/fr\/3d-medical-animation-services\/educational-institutions\/#local-main-organization-logo"},"sameAs":["https:\/\/www.facebook.com\/VOKA3DAnatomyAndPathology\/","https:\/\/www.instagram.com\/voka.io\/","https:\/\/www.linkedin.com\/company\/voka-io\/","https:\/\/www.youtube.com\/@vokaio\/","https:\/\/www.pinterest.com\/voka3danatomyandpathology\/","https:\/\/www.tiktok.com\/@voka.io","https:\/\/www.threads.com\/@voka.io"],"description":"VOKA.io propose des animations m\u00e9dicales 3D et des services de mod\u00e9lisation 3D personnalis\u00e9s. Notre produit, VOKA 3D Anatomy &amp; Pathology, est un atlas num\u00e9rique comprenant plus de 1 000 mod\u00e8les 3D d\u00e9taill\u00e9s d'anatomie et de pathologies humaines, con\u00e7u pour l'\u00e9ducation m\u00e9dicale, la formation et la communication avec les patients.","legalName":"Voka","foundingDate":"2017-02-12","naics":"541512","numberOfEmployees":{"@type":"QuantitativeValue","minValue":"51","maxValue":"200"},"publishingPrinciples":"https:\/\/dev.voka.io\/fr\/publishing-principles\/","address":{"@id":"https:\/\/dev.voka.io\/fr\/3d-medical-animation-services\/educational-institutions\/#local-main-place-address"},"telephone":["+18143514442"],"openingHoursSpecification":{"@type":"OpeningHoursSpecification","dayOfWeek":["Monday","Tuesday","Wednesday","Thursday","Friday","Saturday","Sunday"],"opens":"00:00","closes":"23:59"},"email":"info@voka.io"},{"@type":"Person","@id":"https:\/\/dev.voka.io\/fr\/#\/schema\/person\/0ab698e5f36e21c6850dff4436a9ba85","name":"Viktoryia","image":{"@type":"ImageObject","inLanguage":"fr-FR","@id":"https:\/\/dev.voka.io\/fr\/#\/schema\/person\/image\/","url":"https:\/\/secure.gravatar.com\/avatar\/b72d31cf970da58df437fa43144657faf40bb16de49297894f0ea4dbb3956642?s=96&d=mm&r=g","contentUrl":"https:\/\/secure.gravatar.com\/avatar\/b72d31cf970da58df437fa43144657faf40bb16de49297894f0ea4dbb3956642?s=96&d=mm&r=g","caption":"Viktoryia"},"description":"D\u00e9veloppeur"},{"@type":"PostalAddress","@id":"https:\/\/dev.voka.io\/fr\/3d-medical-animation-services\/educational-institutions\/#local-main-place-address","streetAddress":"St. Petersburg FL 33702, 7901 4th St N STE 300","addressLocality":"St. Petersburg","postalCode":"33702","addressRegion":"Florida","addressCountry":"US"},{"@type":"ImageObject","inLanguage":"fr-FR","@id":"https:\/\/dev.voka.io\/fr\/3d-medical-animation-services\/educational-institutions\/#local-main-organization-logo","url":"https:\/\/dev.voka.io\/wp-content\/uploads\/2025\/10\/cropped-Logo-site.png","contentUrl":"https:\/\/dev.voka.io\/wp-content\/uploads\/2025\/10\/cropped-Logo-site.png","width":210,"height":48,"caption":"Voka"}]},"geo.placename":"St. Petersburg","geo.region":"\u00c9tats-Unis d\u2019Am\u00e9rique"},"_links":{"self":[{"href":"https:\/\/dev.voka.io\/fr\/wp-json\/wp\/v2\/pages\/12321","targetHints":{"allow":["GET"]}}],"collection":[{"href":"https:\/\/dev.voka.io\/fr\/wp-json\/wp\/v2\/pages"}],"about":[{"href":"https:\/\/dev.voka.io\/fr\/wp-json\/wp\/v2\/types\/page"}],"author":[{"embeddable":true,"href":"https:\/\/dev.voka.io\/fr\/wp-json\/wp\/v2\/users\/4"}],"replies":[{"embeddable":true,"href":"https:\/\/dev.voka.io\/fr\/wp-json\/wp\/v2\/comments?post=12321"}],"version-history":[{"count":1,"href":"https:\/\/dev.voka.io\/fr\/wp-json\/wp\/v2\/pages\/12321\/revisions"}],"predecessor-version":[{"id":13638,"href":"https:\/\/dev.voka.io\/fr\/wp-json\/wp\/v2\/pages\/12321\/revisions\/13638"}],"wp:attachment":[{"href":"https:\/\/dev.voka.io\/fr\/wp-json\/wp\/v2\/media?parent=12321"}],"curies":[{"name":"wp","href":"https:\/\/api.w.org\/{rel}","templated":true}]}}