{"id":13840,"date":"2026-05-12T16:50:49","date_gmt":"2026-05-12T13:50:49","guid":{"rendered":"https:\/\/dev.voka.io\/?page_id=13840"},"modified":"2026-05-12T16:50:50","modified_gmt":"2026-05-12T13:50:50","slug":"molecular-biology","status":"publish","type":"page","link":"https:\/\/dev.voka.io\/fr\/3d-scientific-animation-services\/molecular-biology\/","title":{"rendered":"Services d'animation en biologie mol\u00e9culaire"},"content":{"rendered":"","protected":false},"excerpt":{"rendered":"","protected":false},"author":13,"featured_media":0,"parent":0,"menu_order":0,"comment_status":"closed","ping_status":"closed","template":"templates\/scientific-service.php","meta":{"_acf_changed":false,"footnotes":""},"class_list":["post-13840","page","type-page","status-publish","hentry"],"acf":[],"yoast_head":"<!-- This site is optimized with the Yoast SEO Premium plugin v23.6 (Yoast SEO v26.4) - https:\/\/yoast.com\/wordpress\/plugins\/seo\/ -->\n<title>3D Molecular Biology Animation Services &amp; Video | VOKA<\/title>\n<meta name=\"description\" content=\"VOKA provides professional 3D molecular biology animation services. We accurately visualize DNA &amp; RNA processes, protein synthesis, and cell signaling pathways.\" \/>\n<meta name=\"robots\" content=\"noindex, follow, max-snippet:-1, max-image-preview:large, max-video-preview:-1\" \/>\n<meta property=\"og:locale\" content=\"fr_FR\" \/>\n<meta property=\"og:type\" content=\"article\" \/>\n<meta property=\"og:title\" content=\"Molecular biology animation services | Voka\" \/>\n<meta property=\"og:url\" content=\"https:\/\/dev.voka.io\/fr\/3d-scientific-animation-services\/molecular-biology\/\" \/>\n<meta property=\"og:site_name\" content=\"Voka\" \/>\n<meta property=\"article:publisher\" content=\"https:\/\/www.facebook.com\/VOKA3DAnatomyAndPathology\/\" \/>\n<meta property=\"article:modified_time\" content=\"2026-05-12T13:50:50+00:00\" \/>\n<meta name=\"twitter:card\" content=\"summary_large_image\" \/>\n<meta name=\"twitter:label1\" content=\"Dur\u00e9e de lecture estim\u00e9e\" \/>\n\t<meta name=\"twitter:data1\" content=\"4 minutes\" \/>\n<script type=\"application\/ld+json\" class=\"yoast-schema-graph\">{\"@context\":\"https:\/\/schema.org\",\"@graph\":[{\"@type\":\"Article\",\"@id\":\"https:\/\/dev.voka.io\/fr\/3d-scientific-animation-services\/molecular-biology\/#article\",\"isPartOf\":{\"@id\":\"https:\/\/dev.voka.io\/fr\/3d-scientific-animation-services\/molecular-biology\/\"},\"author\":{\"name\":\"Alesia\",\"@id\":\"https:\/\/dev.voka.io\/fr\/#\/schema\/person\/ec4998f6f46b8b36823a628ffaf476b8\"},\"headline\":\"Molecular biology animation services\",\"datePublished\":\"2026-05-12T13:50:49+00:00\",\"dateModified\":\"2026-05-12T13:50:50+00:00\",\"mainEntityOfPage\":{\"@id\":\"https:\/\/dev.voka.io\/fr\/3d-scientific-animation-services\/molecular-biology\/\"},\"wordCount\":4,\"publisher\":{\"@id\":\"https:\/\/dev.voka.io\/fr\/#organization\"},\"inLanguage\":\"fr-FR\"},{\"@type\":\"WebPage\",\"@id\":\"https:\/\/dev.voka.io\/fr\/3d-scientific-animation-services\/molecular-biology\/\",\"url\":\"https:\/\/dev.voka.io\/fr\/3d-scientific-animation-services\/molecular-biology\/\",\"name\":\"3D Molecular Biology Animation Services & Video | VOKA\",\"isPartOf\":{\"@id\":\"https:\/\/dev.voka.io\/fr\/#website\"},\"datePublished\":\"2026-05-12T13:50:49+00:00\",\"dateModified\":\"2026-05-12T13:50:50+00:00\",\"description\":\"VOKA provides professional 3D molecular biology animation services. We accurately visualize DNA & RNA processes, protein synthesis, and cell signaling pathways.\",\"breadcrumb\":{\"@id\":\"https:\/\/dev.voka.io\/fr\/3d-scientific-animation-services\/molecular-biology\/#breadcrumb\"},\"inLanguage\":\"fr-FR\",\"potentialAction\":[{\"@type\":\"ReadAction\",\"target\":[\"https:\/\/dev.voka.io\/fr\/3d-scientific-animation-services\/molecular-biology\/\"]}]},{\"@type\":\"BreadcrumbList\",\"@id\":\"https:\/\/dev.voka.io\/fr\/3d-scientific-animation-services\/molecular-biology\/#breadcrumb\",\"itemListElement\":[{\"@type\":\"ListItem\",\"position\":1,\"name\":\"Home\",\"item\":\"https:\/\/dev.voka.io\/fr\/\"},{\"@type\":\"ListItem\",\"position\":2,\"name\":\"Molecular biology animation services\"}]},{\"@type\":\"WebSite\",\"@id\":\"https:\/\/dev.voka.io\/fr\/#website\",\"url\":\"https:\/\/dev.voka.io\/fr\/\",\"name\":\"Voka\",\"description\":\"\",\"publisher\":{\"@id\":\"https:\/\/dev.voka.io\/fr\/#organization\"},\"alternateName\":\"Voka 3D Medical Visualization\",\"potentialAction\":[{\"@type\":\"SearchAction\",\"target\":{\"@type\":\"EntryPoint\",\"urlTemplate\":\"https:\/\/dev.voka.io\/fr\/?s={search_term_string}\"},\"query-input\":{\"@type\":\"PropertyValueSpecification\",\"valueRequired\":true,\"valueName\":\"search_term_string\"}}],\"inLanguage\":\"fr-FR\"},{\"@type\":[\"Organization\",\"Place\"],\"@id\":\"https:\/\/dev.voka.io\/fr\/#organization\",\"name\":\"Voka\",\"alternateName\":\"Voka 3D Medical Visualization\",\"url\":\"https:\/\/dev.voka.io\/fr\/\",\"logo\":{\"@id\":\"https:\/\/dev.voka.io\/fr\/3d-scientific-animation-services\/molecular-biology\/#local-main-organization-logo\"},\"image\":{\"@id\":\"https:\/\/dev.voka.io\/fr\/3d-scientific-animation-services\/molecular-biology\/#local-main-organization-logo\"},\"sameAs\":[\"https:\/\/www.facebook.com\/VOKA3DAnatomyAndPathology\/\",\"https:\/\/www.instagram.com\/voka.io\/\",\"https:\/\/www.linkedin.com\/company\/voka-io\/\",\"https:\/\/www.youtube.com\/@vokaio\/\",\"https:\/\/www.pinterest.com\/voka3danatomyandpathology\/\",\"https:\/\/www.tiktok.com\/@voka.io\",\"https:\/\/www.threads.com\/@voka.io\"],\"description\":\"VOKA.io offers 3D medical animations and custom 3D modeling services. Our product, VOKA 3D Anatomy & Pathology, is a digital atlas with over 1,000 detailed 3D models of human anatomy and pathology, designed for medical education, training, and patient communication.\",\"legalName\":\"Voka\",\"foundingDate\":\"2017-02-12\",\"naics\":\"541512\",\"numberOfEmployees\":{\"@type\":\"QuantitativeValue\",\"minValue\":\"51\",\"maxValue\":\"200\"},\"publishingPrinciples\":\"https:\/\/dev.voka.io\/fr\/publishing-principles\/\",\"address\":{\"@id\":\"https:\/\/dev.voka.io\/fr\/3d-scientific-animation-services\/molecular-biology\/#local-main-place-address\"},\"telephone\":[\"+18143514442\"],\"openingHoursSpecification\":{\"@type\":\"OpeningHoursSpecification\",\"dayOfWeek\":[\"Monday\",\"Tuesday\",\"Wednesday\",\"Thursday\",\"Friday\",\"Saturday\",\"Sunday\"],\"opens\":\"00:00\",\"closes\":\"23:59\"},\"email\":\"info@voka.io\"},{\"@type\":\"Person\",\"@id\":\"https:\/\/dev.voka.io\/fr\/#\/schema\/person\/ec4998f6f46b8b36823a628ffaf476b8\",\"name\":\"Alesia\",\"image\":{\"@type\":\"ImageObject\",\"inLanguage\":\"fr-FR\",\"@id\":\"https:\/\/dev.voka.io\/fr\/#\/schema\/person\/image\/\",\"url\":\"https:\/\/secure.gravatar.com\/avatar\/53bd013acf1f08b274fd500aae4a346eec54975fe33889fb824ab8849dc2bbf5?s=96&d=mm&r=g\",\"contentUrl\":\"https:\/\/secure.gravatar.com\/avatar\/53bd013acf1f08b274fd500aae4a346eec54975fe33889fb824ab8849dc2bbf5?s=96&d=mm&r=g\",\"caption\":\"Alesia\"}},{\"@type\":\"PostalAddress\",\"@id\":\"https:\/\/dev.voka.io\/fr\/3d-scientific-animation-services\/molecular-biology\/#local-main-place-address\",\"streetAddress\":\"St. Petersburg FL 33702, 7901 4th St N STE 300\",\"addressLocality\":\"St. Petersburg\",\"postalCode\":\"33702\",\"addressRegion\":\"Florida\",\"addressCountry\":\"US\"},{\"@type\":\"ImageObject\",\"inLanguage\":\"fr-FR\",\"@id\":\"https:\/\/dev.voka.io\/fr\/3d-scientific-animation-services\/molecular-biology\/#local-main-organization-logo\",\"url\":\"https:\/\/dev.voka.io\/wp-content\/uploads\/2025\/10\/cropped-Logo-site.png\",\"contentUrl\":\"https:\/\/dev.voka.io\/wp-content\/uploads\/2025\/10\/cropped-Logo-site.png\",\"width\":210,\"height\":48,\"caption\":\"Voka\"}]}<\/script>\n<meta name=\"geo.placename\" content=\"St. Petersburg\" \/>\n<meta name=\"geo.region\" content=\"\u00c9tats-Unis d\u2019Am\u00e9rique\" \/>\n<!-- \/ Yoast SEO Premium plugin. -->","yoast_head_json":{"title":"Services d'animation 3D en biologie mol\u00e9culaire &amp; vid\u00e9o | VOKA","description":"VOKA fournit des services professionnels d'animation 3D en biologie mol\u00e9culaire. Nous visualisons avec pr\u00e9cision les processus de l'ADN et de l'ARN, la synth\u00e8se des prot\u00e9ines et les voies de signalisation cellulaire.","robots":{"index":"noindex","follow":"follow","max-snippet":"max-snippet:-1","max-image-preview":"max-image-preview:large","max-video-preview":"max-video-preview:-1"},"og_locale":"fr_FR","og_type":"article","og_title":"Molecular biology animation services | Voka","og_url":"https:\/\/dev.voka.io\/fr\/3d-scientific-animation-services\/molecular-biology\/","og_site_name":"Voka","article_publisher":"https:\/\/www.facebook.com\/VOKA3DAnatomyAndPathology\/","article_modified_time":"2026-05-12T13:50:50+00:00","twitter_card":"summary_large_image","twitter_misc":{"Dur\u00e9e de lecture estim\u00e9e":"4 minutes"},"schema":{"@context":"https:\/\/schema.org","@graph":[{"@type":"Article","@id":"https:\/\/dev.voka.io\/fr\/3d-scientific-animation-services\/molecular-biology\/#article","isPartOf":{"@id":"https:\/\/dev.voka.io\/fr\/3d-scientific-animation-services\/molecular-biology\/"},"author":{"name":"Alesia","@id":"https:\/\/dev.voka.io\/fr\/#\/schema\/person\/ec4998f6f46b8b36823a628ffaf476b8"},"headline":"Molecular biology animation services","datePublished":"2026-05-12T13:50:49+00:00","dateModified":"2026-05-12T13:50:50+00:00","mainEntityOfPage":{"@id":"https:\/\/dev.voka.io\/fr\/3d-scientific-animation-services\/molecular-biology\/"},"wordCount":4,"publisher":{"@id":"https:\/\/dev.voka.io\/fr\/#organization"},"inLanguage":"fr-FR"},{"@type":"WebPage","@id":"https:\/\/dev.voka.io\/fr\/3d-scientific-animation-services\/molecular-biology\/","url":"https:\/\/dev.voka.io\/fr\/3d-scientific-animation-services\/molecular-biology\/","name":"Services d'animation 3D en biologie mol\u00e9culaire &amp; vid\u00e9o | VOKA","isPartOf":{"@id":"https:\/\/dev.voka.io\/fr\/#website"},"datePublished":"2026-05-12T13:50:49+00:00","dateModified":"2026-05-12T13:50:50+00:00","description":"VOKA fournit des services professionnels d'animation 3D en biologie mol\u00e9culaire. Nous visualisons avec pr\u00e9cision les processus de l'ADN et de l'ARN, la synth\u00e8se des prot\u00e9ines et les voies de signalisation cellulaire.","breadcrumb":{"@id":"https:\/\/dev.voka.io\/fr\/3d-scientific-animation-services\/molecular-biology\/#breadcrumb"},"inLanguage":"fr-FR","potentialAction":[{"@type":"ReadAction","target":["https:\/\/dev.voka.io\/fr\/3d-scientific-animation-services\/molecular-biology\/"]}]},{"@type":"BreadcrumbList","@id":"https:\/\/dev.voka.io\/fr\/3d-scientific-animation-services\/molecular-biology\/#breadcrumb","itemListElement":[{"@type":"ListItem","position":1,"name":"Home","item":"https:\/\/dev.voka.io\/fr\/"},{"@type":"ListItem","position":2,"name":"Molecular biology animation services"}]},{"@type":"WebSite","@id":"https:\/\/dev.voka.io\/fr\/#website","url":"https:\/\/dev.voka.io\/fr\/","name":"Voka","description":"","publisher":{"@id":"https:\/\/dev.voka.io\/fr\/#organization"},"alternateName":"Voka 3D Medical Visualization","potentialAction":[{"@type":"SearchAction","target":{"@type":"EntryPoint","urlTemplate":"https:\/\/dev.voka.io\/fr\/?s={search_term_string}"},"query-input":{"@type":"PropertyValueSpecification","valueRequired":true,"valueName":"search_term_string"}}],"inLanguage":"fr-FR"},{"@type":["Organization","Place"],"@id":"https:\/\/dev.voka.io\/fr\/#organization","name":"Voka","alternateName":"Voka 3D Medical Visualization","url":"https:\/\/dev.voka.io\/fr\/","logo":{"@id":"https:\/\/dev.voka.io\/fr\/3d-scientific-animation-services\/molecular-biology\/#local-main-organization-logo"},"image":{"@id":"https:\/\/dev.voka.io\/fr\/3d-scientific-animation-services\/molecular-biology\/#local-main-organization-logo"},"sameAs":["https:\/\/www.facebook.com\/VOKA3DAnatomyAndPathology\/","https:\/\/www.instagram.com\/voka.io\/","https:\/\/www.linkedin.com\/company\/voka-io\/","https:\/\/www.youtube.com\/@vokaio\/","https:\/\/www.pinterest.com\/voka3danatomyandpathology\/","https:\/\/www.tiktok.com\/@voka.io","https:\/\/www.threads.com\/@voka.io"],"description":"VOKA.io propose des animations m\u00e9dicales 3D et des services de mod\u00e9lisation 3D personnalis\u00e9s. Notre produit, VOKA 3D Anatomy &amp; Pathology, est un atlas num\u00e9rique comprenant plus de 1 000 mod\u00e8les 3D d\u00e9taill\u00e9s d'anatomie et de pathologies humaines, con\u00e7u pour l'\u00e9ducation m\u00e9dicale, la formation et la communication avec les patients.","legalName":"Voka","foundingDate":"2017-02-12","naics":"541512","numberOfEmployees":{"@type":"QuantitativeValue","minValue":"51","maxValue":"200"},"publishingPrinciples":"https:\/\/dev.voka.io\/fr\/publishing-principles\/","address":{"@id":"https:\/\/dev.voka.io\/fr\/3d-scientific-animation-services\/molecular-biology\/#local-main-place-address"},"telephone":["+18143514442"],"openingHoursSpecification":{"@type":"OpeningHoursSpecification","dayOfWeek":["Monday","Tuesday","Wednesday","Thursday","Friday","Saturday","Sunday"],"opens":"00:00","closes":"23:59"},"email":"info@voka.io"},{"@type":"Person","@id":"https:\/\/dev.voka.io\/fr\/#\/schema\/person\/ec4998f6f46b8b36823a628ffaf476b8","name":"Al\u00e9sia","image":{"@type":"ImageObject","inLanguage":"fr-FR","@id":"https:\/\/dev.voka.io\/fr\/#\/schema\/person\/image\/","url":"https:\/\/secure.gravatar.com\/avatar\/53bd013acf1f08b274fd500aae4a346eec54975fe33889fb824ab8849dc2bbf5?s=96&d=mm&r=g","contentUrl":"https:\/\/secure.gravatar.com\/avatar\/53bd013acf1f08b274fd500aae4a346eec54975fe33889fb824ab8849dc2bbf5?s=96&d=mm&r=g","caption":"Alesia"}},{"@type":"PostalAddress","@id":"https:\/\/dev.voka.io\/fr\/3d-scientific-animation-services\/molecular-biology\/#local-main-place-address","streetAddress":"St. Petersburg FL 33702, 7901 4th St N STE 300","addressLocality":"St. Petersburg","postalCode":"33702","addressRegion":"Florida","addressCountry":"US"},{"@type":"ImageObject","inLanguage":"fr-FR","@id":"https:\/\/dev.voka.io\/fr\/3d-scientific-animation-services\/molecular-biology\/#local-main-organization-logo","url":"https:\/\/dev.voka.io\/wp-content\/uploads\/2025\/10\/cropped-Logo-site.png","contentUrl":"https:\/\/dev.voka.io\/wp-content\/uploads\/2025\/10\/cropped-Logo-site.png","width":210,"height":48,"caption":"Voka"}]},"geo.placename":"St. Petersburg","geo.region":"\u00c9tats-Unis d\u2019Am\u00e9rique"},"_links":{"self":[{"href":"https:\/\/dev.voka.io\/fr\/wp-json\/wp\/v2\/pages\/13840","targetHints":{"allow":["GET"]}}],"collection":[{"href":"https:\/\/dev.voka.io\/fr\/wp-json\/wp\/v2\/pages"}],"about":[{"href":"https:\/\/dev.voka.io\/fr\/wp-json\/wp\/v2\/types\/page"}],"author":[{"embeddable":true,"href":"https:\/\/dev.voka.io\/fr\/wp-json\/wp\/v2\/users\/13"}],"replies":[{"embeddable":true,"href":"https:\/\/dev.voka.io\/fr\/wp-json\/wp\/v2\/comments?post=13840"}],"version-history":[{"count":0,"href":"https:\/\/dev.voka.io\/fr\/wp-json\/wp\/v2\/pages\/13840\/revisions"}],"wp:attachment":[{"href":"https:\/\/dev.voka.io\/fr\/wp-json\/wp\/v2\/media?parent=13840"}],"curies":[{"name":"wp","href":"https:\/\/api.w.org\/{rel}","templated":true}]}}