{"id":7418,"date":"2025-06-25T16:10:29","date_gmt":"2025-06-25T13:10:29","guid":{"rendered":"https:\/\/dev.voka.io\/?page_id=7418"},"modified":"2026-05-06T12:35:25","modified_gmt":"2026-05-06T09:35:25","slug":"human-physiology","status":"publish","type":"page","link":"https:\/\/dev.voka.io\/fr\/3d-medical-animation-services\/human-physiology\/","title":{"rendered":"Physiologie humaine"},"content":{"rendered":"","protected":false},"excerpt":{"rendered":"","protected":false},"author":19,"featured_media":0,"parent":1799,"menu_order":0,"comment_status":"closed","ping_status":"closed","template":"templates\/medical-type.php","meta":{"_acf_changed":false,"footnotes":""},"class_list":["post-7418","page","type-page","status-publish","hentry"],"acf":[],"yoast_head":"<!-- This site is optimized with the Yoast SEO Premium plugin v23.6 (Yoast SEO v26.4) - https:\/\/yoast.com\/wordpress\/plugins\/seo\/ -->\n<title>Human Physiology Animation Videos | VOKA Animated Physiology<\/title>\n<meta name=\"description\" content=\"Our 3D physiology animations visually explain human body systems - from cardiac cycles to neural pathways. Perfect for medical students, educators &amp; healthcare professionals.\" \/>\n<meta name=\"robots\" content=\"noindex, follow, max-snippet:-1, max-image-preview:large, max-video-preview:-1\" \/>\n<meta property=\"og:locale\" content=\"fr_FR\" \/>\n<meta property=\"og:type\" content=\"article\" \/>\n<meta property=\"og:title\" content=\"Human physiology | Voka\" \/>\n<meta property=\"og:url\" content=\"https:\/\/dev.voka.io\/fr\/3d-medical-animation-services\/human-physiology\/\" \/>\n<meta property=\"og:site_name\" content=\"Voka\" \/>\n<meta property=\"article:publisher\" content=\"https:\/\/www.facebook.com\/VOKA3DAnatomyAndPathology\/\" \/>\n<meta property=\"article:modified_time\" content=\"2026-05-06T09:35:25+00:00\" \/>\n<meta name=\"twitter:card\" content=\"summary_large_image\" \/>\n<meta name=\"twitter:label1\" content=\"Dur\u00e9e de lecture estim\u00e9e\" \/>\n\t<meta name=\"twitter:data1\" content=\"4 minutes\" \/>\n<script type=\"application\/ld+json\" class=\"yoast-schema-graph\">{\"@context\":\"https:\/\/schema.org\",\"@graph\":[{\"@type\":\"Article\",\"@id\":\"https:\/\/dev.voka.io\/fr\/3d-medical-animation-services\/human-physiology\/#article\",\"isPartOf\":{\"@id\":\"https:\/\/dev.voka.io\/fr\/3d-medical-animation-services\/human-physiology\/\"},\"author\":{\"name\":\"Marina\",\"@id\":\"https:\/\/dev.voka.io\/fr\/#\/schema\/person\/774c87c677859189eabb00cab095bf77\"},\"headline\":\"Human physiology\",\"datePublished\":\"2025-06-25T13:10:29+00:00\",\"dateModified\":\"2026-05-06T09:35:25+00:00\",\"mainEntityOfPage\":{\"@id\":\"https:\/\/dev.voka.io\/fr\/3d-medical-animation-services\/human-physiology\/\"},\"wordCount\":2,\"publisher\":{\"@id\":\"https:\/\/dev.voka.io\/fr\/#organization\"},\"inLanguage\":\"fr-FR\"},{\"@type\":[\"WebPage\",\"MedicalWebPage\"],\"@id\":\"https:\/\/dev.voka.io\/fr\/3d-medical-animation-services\/human-physiology\/\",\"url\":\"https:\/\/dev.voka.io\/fr\/3d-medical-animation-services\/human-physiology\/\",\"name\":\"Human Physiology Animation Videos | VOKA Animated Physiology\",\"isPartOf\":{\"@id\":\"https:\/\/dev.voka.io\/fr\/#website\"},\"datePublished\":\"2025-06-25T13:10:29+00:00\",\"dateModified\":\"2026-05-06T09:35:25+00:00\",\"description\":\"Our 3D physiology animations visually explain human body systems - from cardiac cycles to neural pathways. Perfect for medical students, educators & healthcare professionals.\",\"breadcrumb\":{\"@id\":\"https:\/\/dev.voka.io\/fr\/3d-medical-animation-services\/human-physiology\/#breadcrumb\"},\"inLanguage\":\"fr-FR\",\"potentialAction\":[{\"@type\":\"ReadAction\",\"target\":[\"https:\/\/dev.voka.io\/fr\/3d-medical-animation-services\/human-physiology\/\"]}]},{\"@type\":\"BreadcrumbList\",\"@id\":\"https:\/\/dev.voka.io\/fr\/3d-medical-animation-services\/human-physiology\/#breadcrumb\",\"itemListElement\":[{\"@type\":\"ListItem\",\"position\":1,\"name\":\"Home\",\"item\":\"https:\/\/dev.voka.io\/fr\/\"},{\"@type\":\"ListItem\",\"position\":2,\"name\":\"Medical Animation\",\"item\":\"https:\/\/dev.voka.io\/fr\/3d-medical-animation-services\/\"},{\"@type\":\"ListItem\",\"position\":3,\"name\":\"Human physiology\"}]},{\"@type\":\"WebSite\",\"@id\":\"https:\/\/dev.voka.io\/fr\/#website\",\"url\":\"https:\/\/dev.voka.io\/fr\/\",\"name\":\"Voka\",\"description\":\"\",\"publisher\":{\"@id\":\"https:\/\/dev.voka.io\/fr\/#organization\"},\"alternateName\":\"Voka 3D Medical Visualization\",\"potentialAction\":[{\"@type\":\"SearchAction\",\"target\":{\"@type\":\"EntryPoint\",\"urlTemplate\":\"https:\/\/dev.voka.io\/fr\/?s={search_term_string}\"},\"query-input\":{\"@type\":\"PropertyValueSpecification\",\"valueRequired\":true,\"valueName\":\"search_term_string\"}}],\"inLanguage\":\"fr-FR\"},{\"@type\":[\"Organization\",\"Place\"],\"@id\":\"https:\/\/dev.voka.io\/fr\/#organization\",\"name\":\"Voka\",\"alternateName\":\"Voka 3D Medical Visualization\",\"url\":\"https:\/\/dev.voka.io\/fr\/\",\"logo\":{\"@id\":\"https:\/\/dev.voka.io\/fr\/3d-medical-animation-services\/human-physiology\/#local-main-organization-logo\"},\"image\":{\"@id\":\"https:\/\/dev.voka.io\/fr\/3d-medical-animation-services\/human-physiology\/#local-main-organization-logo\"},\"sameAs\":[\"https:\/\/www.facebook.com\/VOKA3DAnatomyAndPathology\/\",\"https:\/\/www.instagram.com\/voka.io\/\",\"https:\/\/www.linkedin.com\/company\/voka-io\/\",\"https:\/\/www.youtube.com\/@vokaio\/\",\"https:\/\/www.pinterest.com\/voka3danatomyandpathology\/\",\"https:\/\/www.tiktok.com\/@voka.io\",\"https:\/\/www.threads.com\/@voka.io\"],\"description\":\"VOKA.io offers 3D medical animations and custom 3D modeling services. Our product, VOKA 3D Anatomy & Pathology, is a digital atlas with over 1,000 detailed 3D models of human anatomy and pathology, designed for medical education, training, and patient communication.\",\"legalName\":\"Voka\",\"foundingDate\":\"2017-02-12\",\"naics\":\"541512\",\"numberOfEmployees\":{\"@type\":\"QuantitativeValue\",\"minValue\":\"51\",\"maxValue\":\"200\"},\"publishingPrinciples\":\"https:\/\/dev.voka.io\/fr\/publishing-principles\/\",\"address\":{\"@id\":\"https:\/\/dev.voka.io\/fr\/3d-medical-animation-services\/human-physiology\/#local-main-place-address\"},\"telephone\":[\"+18143514442\"],\"openingHoursSpecification\":{\"@type\":\"OpeningHoursSpecification\",\"dayOfWeek\":[\"Monday\",\"Tuesday\",\"Wednesday\",\"Thursday\",\"Friday\",\"Saturday\",\"Sunday\"],\"opens\":\"00:00\",\"closes\":\"23:59\"},\"email\":\"info@voka.io\"},{\"@type\":\"Person\",\"@id\":\"https:\/\/dev.voka.io\/fr\/#\/schema\/person\/774c87c677859189eabb00cab095bf77\",\"name\":\"Marina\",\"image\":{\"@type\":\"ImageObject\",\"inLanguage\":\"fr-FR\",\"@id\":\"https:\/\/dev.voka.io\/fr\/#\/schema\/person\/image\/\",\"url\":\"https:\/\/secure.gravatar.com\/avatar\/07a882b3788e9d00a2b9af1279e53d99e5b0d0883c4ba82365baf511890cdfbc?s=96&d=mm&r=g\",\"contentUrl\":\"https:\/\/secure.gravatar.com\/avatar\/07a882b3788e9d00a2b9af1279e53d99e5b0d0883c4ba82365baf511890cdfbc?s=96&d=mm&r=g\",\"caption\":\"Marina\"}},{\"@type\":\"PostalAddress\",\"@id\":\"https:\/\/dev.voka.io\/fr\/3d-medical-animation-services\/human-physiology\/#local-main-place-address\",\"streetAddress\":\"St. Petersburg FL 33702, 7901 4th St N STE 300\",\"addressLocality\":\"St. Petersburg\",\"postalCode\":\"33702\",\"addressRegion\":\"Florida\",\"addressCountry\":\"US\"},{\"@type\":\"ImageObject\",\"inLanguage\":\"fr-FR\",\"@id\":\"https:\/\/dev.voka.io\/fr\/3d-medical-animation-services\/human-physiology\/#local-main-organization-logo\",\"url\":\"https:\/\/dev.voka.io\/wp-content\/uploads\/2025\/10\/cropped-Logo-site.png\",\"contentUrl\":\"https:\/\/dev.voka.io\/wp-content\/uploads\/2025\/10\/cropped-Logo-site.png\",\"width\":210,\"height\":48,\"caption\":\"Voka\"}]}<\/script>\n<meta name=\"geo.placename\" content=\"St. Petersburg\" \/>\n<meta name=\"geo.region\" content=\"\u00c9tats-Unis d\u2019Am\u00e9rique\" \/>\n<!-- \/ Yoast SEO Premium plugin. -->","yoast_head_json":{"title":"Vid\u00e9os d'animation sur la physiologie humaine | VOKA Physiologie anim\u00e9e","description":"Nos animations physiologiques 3D expliquent visuellement le fonctionnement des syst\u00e8mes du corps humain, des cycles cardiaques aux voies nerveuses. Solution parfaite pour les \u00e9tudiants en m\u00e9decine, les enseignants et les professionnels de sant\u00e9.","robots":{"index":"noindex","follow":"follow","max-snippet":"max-snippet:-1","max-image-preview":"max-image-preview:large","max-video-preview":"max-video-preview:-1"},"og_locale":"fr_FR","og_type":"article","og_title":"Human physiology | Voka","og_url":"https:\/\/dev.voka.io\/fr\/3d-medical-animation-services\/human-physiology\/","og_site_name":"Voka","article_publisher":"https:\/\/www.facebook.com\/VOKA3DAnatomyAndPathology\/","article_modified_time":"2026-05-06T09:35:25+00:00","twitter_card":"summary_large_image","twitter_misc":{"Dur\u00e9e de lecture estim\u00e9e":"4 minutes"},"schema":{"@context":"https:\/\/schema.org","@graph":[{"@type":"Article","@id":"https:\/\/dev.voka.io\/fr\/3d-medical-animation-services\/human-physiology\/#article","isPartOf":{"@id":"https:\/\/dev.voka.io\/fr\/3d-medical-animation-services\/human-physiology\/"},"author":{"name":"Marina","@id":"https:\/\/dev.voka.io\/fr\/#\/schema\/person\/774c87c677859189eabb00cab095bf77"},"headline":"Human physiology","datePublished":"2025-06-25T13:10:29+00:00","dateModified":"2026-05-06T09:35:25+00:00","mainEntityOfPage":{"@id":"https:\/\/dev.voka.io\/fr\/3d-medical-animation-services\/human-physiology\/"},"wordCount":2,"publisher":{"@id":"https:\/\/dev.voka.io\/fr\/#organization"},"inLanguage":"fr-FR"},{"@type":["WebPage","MedicalWebPage"],"@id":"https:\/\/dev.voka.io\/fr\/3d-medical-animation-services\/human-physiology\/","url":"https:\/\/dev.voka.io\/fr\/3d-medical-animation-services\/human-physiology\/","name":"Vid\u00e9os d'animation sur la physiologie humaine | VOKA Physiologie anim\u00e9e","isPartOf":{"@id":"https:\/\/dev.voka.io\/fr\/#website"},"datePublished":"2025-06-25T13:10:29+00:00","dateModified":"2026-05-06T09:35:25+00:00","description":"Nos animations physiologiques 3D expliquent visuellement le fonctionnement des syst\u00e8mes du corps humain, des cycles cardiaques aux voies nerveuses. Solution parfaite pour les \u00e9tudiants en m\u00e9decine, les enseignants et les professionnels de sant\u00e9.","breadcrumb":{"@id":"https:\/\/dev.voka.io\/fr\/3d-medical-animation-services\/human-physiology\/#breadcrumb"},"inLanguage":"fr-FR","potentialAction":[{"@type":"ReadAction","target":["https:\/\/dev.voka.io\/fr\/3d-medical-animation-services\/human-physiology\/"]}]},{"@type":"BreadcrumbList","@id":"https:\/\/dev.voka.io\/fr\/3d-medical-animation-services\/human-physiology\/#breadcrumb","itemListElement":[{"@type":"ListItem","position":1,"name":"Home","item":"https:\/\/dev.voka.io\/fr\/"},{"@type":"ListItem","position":2,"name":"Medical Animation","item":"https:\/\/dev.voka.io\/fr\/3d-medical-animation-services\/"},{"@type":"ListItem","position":3,"name":"Human physiology"}]},{"@type":"WebSite","@id":"https:\/\/dev.voka.io\/fr\/#website","url":"https:\/\/dev.voka.io\/fr\/","name":"Voka","description":"","publisher":{"@id":"https:\/\/dev.voka.io\/fr\/#organization"},"alternateName":"Voka 3D Medical Visualization","potentialAction":[{"@type":"SearchAction","target":{"@type":"EntryPoint","urlTemplate":"https:\/\/dev.voka.io\/fr\/?s={search_term_string}"},"query-input":{"@type":"PropertyValueSpecification","valueRequired":true,"valueName":"search_term_string"}}],"inLanguage":"fr-FR"},{"@type":["Organization","Place"],"@id":"https:\/\/dev.voka.io\/fr\/#organization","name":"Voka","alternateName":"Voka 3D Medical Visualization","url":"https:\/\/dev.voka.io\/fr\/","logo":{"@id":"https:\/\/dev.voka.io\/fr\/3d-medical-animation-services\/human-physiology\/#local-main-organization-logo"},"image":{"@id":"https:\/\/dev.voka.io\/fr\/3d-medical-animation-services\/human-physiology\/#local-main-organization-logo"},"sameAs":["https:\/\/www.facebook.com\/VOKA3DAnatomyAndPathology\/","https:\/\/www.instagram.com\/voka.io\/","https:\/\/www.linkedin.com\/company\/voka-io\/","https:\/\/www.youtube.com\/@vokaio\/","https:\/\/www.pinterest.com\/voka3danatomyandpathology\/","https:\/\/www.tiktok.com\/@voka.io","https:\/\/www.threads.com\/@voka.io"],"description":"VOKA.io propose des animations m\u00e9dicales 3D et des services de mod\u00e9lisation 3D personnalis\u00e9s. Notre produit, VOKA 3D Anatomy &amp; Pathology, est un atlas num\u00e9rique comprenant plus de 1 000 mod\u00e8les 3D d\u00e9taill\u00e9s d'anatomie et de pathologies humaines, con\u00e7u pour l'\u00e9ducation m\u00e9dicale, la formation et la communication avec les patients.","legalName":"Voka","foundingDate":"2017-02-12","naics":"541512","numberOfEmployees":{"@type":"QuantitativeValue","minValue":"51","maxValue":"200"},"publishingPrinciples":"https:\/\/dev.voka.io\/fr\/publishing-principles\/","address":{"@id":"https:\/\/dev.voka.io\/fr\/3d-medical-animation-services\/human-physiology\/#local-main-place-address"},"telephone":["+18143514442"],"openingHoursSpecification":{"@type":"OpeningHoursSpecification","dayOfWeek":["Monday","Tuesday","Wednesday","Thursday","Friday","Saturday","Sunday"],"opens":"00:00","closes":"23:59"},"email":"info@voka.io"},{"@type":"Person","@id":"https:\/\/dev.voka.io\/fr\/#\/schema\/person\/774c87c677859189eabb00cab095bf77","name":"Marina","image":{"@type":"ImageObject","inLanguage":"fr-FR","@id":"https:\/\/dev.voka.io\/fr\/#\/schema\/person\/image\/","url":"https:\/\/secure.gravatar.com\/avatar\/07a882b3788e9d00a2b9af1279e53d99e5b0d0883c4ba82365baf511890cdfbc?s=96&d=mm&r=g","contentUrl":"https:\/\/secure.gravatar.com\/avatar\/07a882b3788e9d00a2b9af1279e53d99e5b0d0883c4ba82365baf511890cdfbc?s=96&d=mm&r=g","caption":"Marina"}},{"@type":"PostalAddress","@id":"https:\/\/dev.voka.io\/fr\/3d-medical-animation-services\/human-physiology\/#local-main-place-address","streetAddress":"St. Petersburg FL 33702, 7901 4th St N STE 300","addressLocality":"St. Petersburg","postalCode":"33702","addressRegion":"Florida","addressCountry":"US"},{"@type":"ImageObject","inLanguage":"fr-FR","@id":"https:\/\/dev.voka.io\/fr\/3d-medical-animation-services\/human-physiology\/#local-main-organization-logo","url":"https:\/\/dev.voka.io\/wp-content\/uploads\/2025\/10\/cropped-Logo-site.png","contentUrl":"https:\/\/dev.voka.io\/wp-content\/uploads\/2025\/10\/cropped-Logo-site.png","width":210,"height":48,"caption":"Voka"}]},"geo.placename":"St. Petersburg","geo.region":"\u00c9tats-Unis d\u2019Am\u00e9rique"},"_links":{"self":[{"href":"https:\/\/dev.voka.io\/fr\/wp-json\/wp\/v2\/pages\/7418","targetHints":{"allow":["GET"]}}],"collection":[{"href":"https:\/\/dev.voka.io\/fr\/wp-json\/wp\/v2\/pages"}],"about":[{"href":"https:\/\/dev.voka.io\/fr\/wp-json\/wp\/v2\/types\/page"}],"author":[{"embeddable":true,"href":"https:\/\/dev.voka.io\/fr\/wp-json\/wp\/v2\/users\/19"}],"replies":[{"embeddable":true,"href":"https:\/\/dev.voka.io\/fr\/wp-json\/wp\/v2\/comments?post=7418"}],"version-history":[{"count":1,"href":"https:\/\/dev.voka.io\/fr\/wp-json\/wp\/v2\/pages\/7418\/revisions"}],"predecessor-version":[{"id":13612,"href":"https:\/\/dev.voka.io\/fr\/wp-json\/wp\/v2\/pages\/7418\/revisions\/13612"}],"up":[{"embeddable":true,"href":"https:\/\/dev.voka.io\/fr\/wp-json\/wp\/v2\/pages\/1799"}],"wp:attachment":[{"href":"https:\/\/dev.voka.io\/fr\/wp-json\/wp\/v2\/media?parent=7418"}],"curies":[{"name":"wp","href":"https:\/\/api.w.org\/{rel}","templated":true}]}}