{"id":10162,"date":"2025-11-30T22:28:46","date_gmt":"2025-11-30T19:28:46","guid":{"rendered":"https:\/\/dev.voka.io\/?page_id=10162"},"modified":"2025-12-17T16:08:24","modified_gmt":"2025-12-17T13:08:24","slug":"3d-medical-animation-cost-calculator","status":"publish","type":"page","link":"https:\/\/dev.voka.io\/pt\/3d-medical-animation-cost-calculator\/","title":{"rendered":"Calculadora de custos de anima\u00e7\u00e3o m\u00e9dica 3D"},"content":{"rendered":"","protected":false},"excerpt":{"rendered":"","protected":false},"author":4,"featured_media":0,"parent":0,"menu_order":0,"comment_status":"closed","ping_status":"closed","template":"templates\/calculator\/calculator.php","meta":{"_acf_changed":false,"footnotes":""},"class_list":["post-10162","page","type-page","status-publish","hentry"],"acf":[],"yoast_head":"<!-- This site is optimized with the Yoast SEO Premium plugin v23.6 (Yoast SEO v26.4) - https:\/\/yoast.com\/wordpress\/plugins\/seo\/ -->\n<title>3D Medical Animation Cost Calculator | VOKA<\/title>\n<meta name=\"description\" content=\"Get a ballpark estimate for your 3D medical animation, based on your project details. Production times and final costs are considered individually.\" \/>\n<meta name=\"robots\" content=\"noindex, follow, max-snippet:-1, max-image-preview:large, max-video-preview:-1\" \/>\n<meta property=\"og:locale\" content=\"pt_PT\" \/>\n<meta property=\"og:type\" content=\"article\" \/>\n<meta property=\"og:title\" content=\"3D medical animation cost calculator | Voka\" \/>\n<meta property=\"og:url\" content=\"https:\/\/dev.voka.io\/pt\/3d-medical-animation-cost-calculator\/\" \/>\n<meta property=\"og:site_name\" content=\"Voka\" \/>\n<meta property=\"article:publisher\" content=\"https:\/\/www.facebook.com\/VOKA3DAnatomyAndPathology\/\" \/>\n<meta property=\"article:modified_time\" content=\"2025-12-17T13:08:24+00:00\" \/>\n<meta name=\"twitter:card\" content=\"summary_large_image\" \/>\n<script type=\"application\/ld+json\" class=\"yoast-schema-graph\">{\"@context\":\"https:\/\/schema.org\",\"@graph\":[{\"@type\":\"Article\",\"@id\":\"https:\/\/dev.voka.io\/pt\/3d-medical-animation-cost-calculator\/#article\",\"isPartOf\":{\"@id\":\"https:\/\/dev.voka.io\/pt\/3d-medical-animation-cost-calculator\/\"},\"author\":{\"name\":\"Viktoryia\",\"@id\":\"https:\/\/dev.voka.io\/pt\/#\/schema\/person\/0ab698e5f36e21c6850dff4436a9ba85\"},\"headline\":\"3D medical animation cost calculator\",\"datePublished\":\"2025-11-30T19:28:46+00:00\",\"dateModified\":\"2025-12-17T13:08:24+00:00\",\"mainEntityOfPage\":{\"@id\":\"https:\/\/dev.voka.io\/pt\/3d-medical-animation-cost-calculator\/\"},\"wordCount\":5,\"publisher\":{\"@id\":\"https:\/\/dev.voka.io\/pt\/#organization\"},\"inLanguage\":\"pt-PT\"},{\"@type\":\"WebPage\",\"@id\":\"https:\/\/dev.voka.io\/pt\/3d-medical-animation-cost-calculator\/\",\"url\":\"https:\/\/dev.voka.io\/pt\/3d-medical-animation-cost-calculator\/\",\"name\":\"3D Medical Animation Cost Calculator | VOKA\",\"isPartOf\":{\"@id\":\"https:\/\/dev.voka.io\/pt\/#website\"},\"datePublished\":\"2025-11-30T19:28:46+00:00\",\"dateModified\":\"2025-12-17T13:08:24+00:00\",\"description\":\"Get a ballpark estimate for your 3D medical animation, based on your project details. Production times and final costs are considered individually.\",\"breadcrumb\":{\"@id\":\"https:\/\/dev.voka.io\/pt\/3d-medical-animation-cost-calculator\/#breadcrumb\"},\"inLanguage\":\"pt-PT\",\"potentialAction\":[{\"@type\":\"ReadAction\",\"target\":[\"https:\/\/dev.voka.io\/pt\/3d-medical-animation-cost-calculator\/\"]}]},{\"@type\":\"BreadcrumbList\",\"@id\":\"https:\/\/dev.voka.io\/pt\/3d-medical-animation-cost-calculator\/#breadcrumb\",\"itemListElement\":[{\"@type\":\"ListItem\",\"position\":1,\"name\":\"Home\",\"item\":\"https:\/\/dev.voka.io\/pt\/\"},{\"@type\":\"ListItem\",\"position\":2,\"name\":\"3D medical animation cost calculator\"}]},{\"@type\":\"WebSite\",\"@id\":\"https:\/\/dev.voka.io\/pt\/#website\",\"url\":\"https:\/\/dev.voka.io\/pt\/\",\"name\":\"Voka\",\"description\":\"\",\"publisher\":{\"@id\":\"https:\/\/dev.voka.io\/pt\/#organization\"},\"alternateName\":\"Voka 3D Medical Visualization\",\"potentialAction\":[{\"@type\":\"SearchAction\",\"target\":{\"@type\":\"EntryPoint\",\"urlTemplate\":\"https:\/\/dev.voka.io\/pt\/?s={search_term_string}\"},\"query-input\":{\"@type\":\"PropertyValueSpecification\",\"valueRequired\":true,\"valueName\":\"search_term_string\"}}],\"inLanguage\":\"pt-PT\"},{\"@type\":[\"Organization\",\"Place\"],\"@id\":\"https:\/\/dev.voka.io\/pt\/#organization\",\"name\":\"Voka\",\"alternateName\":\"Voka 3D Medical Visualization\",\"url\":\"https:\/\/dev.voka.io\/pt\/\",\"logo\":{\"@id\":\"https:\/\/dev.voka.io\/pt\/3d-medical-animation-cost-calculator\/#local-main-organization-logo\"},\"image\":{\"@id\":\"https:\/\/dev.voka.io\/pt\/3d-medical-animation-cost-calculator\/#local-main-organization-logo\"},\"sameAs\":[\"https:\/\/www.facebook.com\/VOKA3DAnatomyAndPathology\/\",\"https:\/\/www.instagram.com\/voka.io\/\",\"https:\/\/www.linkedin.com\/company\/voka-io\/\",\"https:\/\/www.youtube.com\/@vokaio\/\",\"https:\/\/www.pinterest.com\/voka3danatomyandpathology\/\",\"https:\/\/www.tiktok.com\/@voka.io\",\"https:\/\/www.threads.com\/@voka.io\"],\"description\":\"VOKA.io offers 3D medical animations and custom 3D modeling services. Our product, VOKA 3D Anatomy & Pathology, is a digital atlas with over 1,000 detailed 3D models of human anatomy and pathology, designed for medical education, training, and patient communication.\",\"legalName\":\"Voka\",\"foundingDate\":\"2017-02-12\",\"naics\":\"541512\",\"numberOfEmployees\":{\"@type\":\"QuantitativeValue\",\"minValue\":\"51\",\"maxValue\":\"200\"},\"publishingPrinciples\":\"https:\/\/dev.voka.io\/pt\/publishing-principles\/\",\"address\":{\"@id\":\"https:\/\/dev.voka.io\/pt\/3d-medical-animation-cost-calculator\/#local-main-place-address\"},\"telephone\":[\"+18143514442\"],\"openingHoursSpecification\":{\"@type\":\"OpeningHoursSpecification\",\"dayOfWeek\":[\"Monday\",\"Tuesday\",\"Wednesday\",\"Thursday\",\"Friday\",\"Saturday\",\"Sunday\"],\"opens\":\"00:00\",\"closes\":\"23:59\"},\"email\":\"info@voka.io\"},{\"@type\":\"Person\",\"@id\":\"https:\/\/dev.voka.io\/pt\/#\/schema\/person\/0ab698e5f36e21c6850dff4436a9ba85\",\"name\":\"Viktoryia\",\"image\":{\"@type\":\"ImageObject\",\"inLanguage\":\"pt-PT\",\"@id\":\"https:\/\/dev.voka.io\/pt\/#\/schema\/person\/image\/\",\"url\":\"https:\/\/secure.gravatar.com\/avatar\/b72d31cf970da58df437fa43144657faf40bb16de49297894f0ea4dbb3956642?s=96&d=mm&r=g\",\"contentUrl\":\"https:\/\/secure.gravatar.com\/avatar\/b72d31cf970da58df437fa43144657faf40bb16de49297894f0ea4dbb3956642?s=96&d=mm&r=g\",\"caption\":\"Viktoryia\"},\"description\":\"Developer\"},{\"@type\":\"PostalAddress\",\"@id\":\"https:\/\/dev.voka.io\/pt\/3d-medical-animation-cost-calculator\/#local-main-place-address\",\"streetAddress\":\"St. Petersburg FL 33702, 7901 4th St N STE 300\",\"addressLocality\":\"St. Petersburg\",\"postalCode\":\"33702\",\"addressRegion\":\"Florida\",\"addressCountry\":\"US\"},{\"@type\":\"ImageObject\",\"inLanguage\":\"pt-PT\",\"@id\":\"https:\/\/dev.voka.io\/pt\/3d-medical-animation-cost-calculator\/#local-main-organization-logo\",\"url\":\"https:\/\/dev.voka.io\/wp-content\/uploads\/2025\/10\/cropped-Logo-site.png\",\"contentUrl\":\"https:\/\/dev.voka.io\/wp-content\/uploads\/2025\/10\/cropped-Logo-site.png\",\"width\":210,\"height\":48,\"caption\":\"Voka\"}]}<\/script>\n<meta name=\"geo.placename\" content=\"St. Petersburg\" \/>\n<meta name=\"geo.region\" content=\"Estados Unidos\" \/>\n<!-- \/ Yoast SEO Premium plugin. -->","yoast_head_json":{"title":"Calculadora de custos de anima\u00e7\u00e3o m\u00e9dica 3D | VOKA","description":"Obtenha uma estimativa aproximada para a sua anima\u00e7\u00e3o m\u00e9dica em 3D, com base nos detalhes do seu projeto. Os prazos de produ\u00e7\u00e3o e os custos finais s\u00e3o considerados individualmente.","robots":{"index":"noindex","follow":"follow","max-snippet":"max-snippet:-1","max-image-preview":"max-image-preview:large","max-video-preview":"max-video-preview:-1"},"og_locale":"pt_PT","og_type":"article","og_title":"3D medical animation cost calculator | Voka","og_url":"https:\/\/dev.voka.io\/pt\/3d-medical-animation-cost-calculator\/","og_site_name":"Voka","article_publisher":"https:\/\/www.facebook.com\/VOKA3DAnatomyAndPathology\/","article_modified_time":"2025-12-17T13:08:24+00:00","twitter_card":"summary_large_image","schema":{"@context":"https:\/\/schema.org","@graph":[{"@type":"Article","@id":"https:\/\/dev.voka.io\/pt\/3d-medical-animation-cost-calculator\/#article","isPartOf":{"@id":"https:\/\/dev.voka.io\/pt\/3d-medical-animation-cost-calculator\/"},"author":{"name":"Viktoryia","@id":"https:\/\/dev.voka.io\/pt\/#\/schema\/person\/0ab698e5f36e21c6850dff4436a9ba85"},"headline":"3D medical animation cost calculator","datePublished":"2025-11-30T19:28:46+00:00","dateModified":"2025-12-17T13:08:24+00:00","mainEntityOfPage":{"@id":"https:\/\/dev.voka.io\/pt\/3d-medical-animation-cost-calculator\/"},"wordCount":5,"publisher":{"@id":"https:\/\/dev.voka.io\/pt\/#organization"},"inLanguage":"pt-PT"},{"@type":"WebPage","@id":"https:\/\/dev.voka.io\/pt\/3d-medical-animation-cost-calculator\/","url":"https:\/\/dev.voka.io\/pt\/3d-medical-animation-cost-calculator\/","name":"Calculadora de custos de anima\u00e7\u00e3o m\u00e9dica 3D | VOKA","isPartOf":{"@id":"https:\/\/dev.voka.io\/pt\/#website"},"datePublished":"2025-11-30T19:28:46+00:00","dateModified":"2025-12-17T13:08:24+00:00","description":"Obtenha uma estimativa aproximada para a sua anima\u00e7\u00e3o m\u00e9dica em 3D, com base nos detalhes do seu projeto. Os prazos de produ\u00e7\u00e3o e os custos finais s\u00e3o considerados individualmente.","breadcrumb":{"@id":"https:\/\/dev.voka.io\/pt\/3d-medical-animation-cost-calculator\/#breadcrumb"},"inLanguage":"pt-PT","potentialAction":[{"@type":"ReadAction","target":["https:\/\/dev.voka.io\/pt\/3d-medical-animation-cost-calculator\/"]}]},{"@type":"BreadcrumbList","@id":"https:\/\/dev.voka.io\/pt\/3d-medical-animation-cost-calculator\/#breadcrumb","itemListElement":[{"@type":"ListItem","position":1,"name":"Home","item":"https:\/\/dev.voka.io\/pt\/"},{"@type":"ListItem","position":2,"name":"3D medical animation cost calculator"}]},{"@type":"WebSite","@id":"https:\/\/dev.voka.io\/pt\/#website","url":"https:\/\/dev.voka.io\/pt\/","name":"Voka","description":"","publisher":{"@id":"https:\/\/dev.voka.io\/pt\/#organization"},"alternateName":"Voka 3D Medical Visualization","potentialAction":[{"@type":"SearchAction","target":{"@type":"EntryPoint","urlTemplate":"https:\/\/dev.voka.io\/pt\/?s={search_term_string}"},"query-input":{"@type":"PropertyValueSpecification","valueRequired":true,"valueName":"search_term_string"}}],"inLanguage":"pt-PT"},{"@type":["Organization","Place"],"@id":"https:\/\/dev.voka.io\/pt\/#organization","name":"Voka","alternateName":"Voka 3D Medical Visualization","url":"https:\/\/dev.voka.io\/pt\/","logo":{"@id":"https:\/\/dev.voka.io\/pt\/3d-medical-animation-cost-calculator\/#local-main-organization-logo"},"image":{"@id":"https:\/\/dev.voka.io\/pt\/3d-medical-animation-cost-calculator\/#local-main-organization-logo"},"sameAs":["https:\/\/www.facebook.com\/VOKA3DAnatomyAndPathology\/","https:\/\/www.instagram.com\/voka.io\/","https:\/\/www.linkedin.com\/company\/voka-io\/","https:\/\/www.youtube.com\/@vokaio\/","https:\/\/www.pinterest.com\/voka3danatomyandpathology\/","https:\/\/www.tiktok.com\/@voka.io","https:\/\/www.threads.com\/@voka.io"],"description":"A VOKA.io oferece anima\u00e7\u00f5es m\u00e9dicas em 3D e servi\u00e7os personalizados de modelagem 3D. Nosso produto, VOKA 3D Anatomy &amp; Pathology, \u00e9 um atlas digital com mais de 1.000 modelos 3D detalhados da anatomia e patologia humanas, projetado para educa\u00e7\u00e3o m\u00e9dica, treinamento e comunica\u00e7\u00e3o com pacientes.","legalName":"Voka","foundingDate":"2017-02-12","naics":"541512","numberOfEmployees":{"@type":"QuantitativeValue","minValue":"51","maxValue":"200"},"publishingPrinciples":"https:\/\/dev.voka.io\/pt\/publishing-principles\/","address":{"@id":"https:\/\/dev.voka.io\/pt\/3d-medical-animation-cost-calculator\/#local-main-place-address"},"telephone":["+18143514442"],"openingHoursSpecification":{"@type":"OpeningHoursSpecification","dayOfWeek":["Monday","Tuesday","Wednesday","Thursday","Friday","Saturday","Sunday"],"opens":"00:00","closes":"23:59"},"email":"info@voka.io"},{"@type":"Person","@id":"https:\/\/dev.voka.io\/pt\/#\/schema\/person\/0ab698e5f36e21c6850dff4436a9ba85","name":"Viktoryia","image":{"@type":"ImageObject","inLanguage":"pt-PT","@id":"https:\/\/dev.voka.io\/pt\/#\/schema\/person\/image\/","url":"https:\/\/secure.gravatar.com\/avatar\/b72d31cf970da58df437fa43144657faf40bb16de49297894f0ea4dbb3956642?s=96&d=mm&r=g","contentUrl":"https:\/\/secure.gravatar.com\/avatar\/b72d31cf970da58df437fa43144657faf40bb16de49297894f0ea4dbb3956642?s=96&d=mm&r=g","caption":"Viktoryia"},"description":"Programador"},{"@type":"PostalAddress","@id":"https:\/\/dev.voka.io\/pt\/3d-medical-animation-cost-calculator\/#local-main-place-address","streetAddress":"St. Petersburg FL 33702, 7901 4th St N STE 300","addressLocality":"St. Petersburg","postalCode":"33702","addressRegion":"Florida","addressCountry":"US"},{"@type":"ImageObject","inLanguage":"pt-PT","@id":"https:\/\/dev.voka.io\/pt\/3d-medical-animation-cost-calculator\/#local-main-organization-logo","url":"https:\/\/dev.voka.io\/wp-content\/uploads\/2025\/10\/cropped-Logo-site.png","contentUrl":"https:\/\/dev.voka.io\/wp-content\/uploads\/2025\/10\/cropped-Logo-site.png","width":210,"height":48,"caption":"Voka"}]},"geo.placename":"St. Petersburg","geo.region":"Estados Unidos"},"_links":{"self":[{"href":"https:\/\/dev.voka.io\/pt\/wp-json\/wp\/v2\/pages\/10162","targetHints":{"allow":["GET"]}}],"collection":[{"href":"https:\/\/dev.voka.io\/pt\/wp-json\/wp\/v2\/pages"}],"about":[{"href":"https:\/\/dev.voka.io\/pt\/wp-json\/wp\/v2\/types\/page"}],"author":[{"embeddable":true,"href":"https:\/\/dev.voka.io\/pt\/wp-json\/wp\/v2\/users\/4"}],"replies":[{"embeddable":true,"href":"https:\/\/dev.voka.io\/pt\/wp-json\/wp\/v2\/comments?post=10162"}],"version-history":[{"count":0,"href":"https:\/\/dev.voka.io\/pt\/wp-json\/wp\/v2\/pages\/10162\/revisions"}],"wp:attachment":[{"href":"https:\/\/dev.voka.io\/pt\/wp-json\/wp\/v2\/media?parent=10162"}],"curies":[{"name":"wp","href":"https:\/\/api.w.org\/{rel}","templated":true}]}}